{"id":5205,"date":"2025-05-23T14:36:50","date_gmt":"2025-05-23T14:36:50","guid":{"rendered":"https:\/\/www.parquedellago.com\/?page_id=5205"},"modified":"2025-05-23T14:43:23","modified_gmt":"2025-05-23T14:43:23","slug":"bienvenidos-al-hotel-boutique-parque-del-lago","status":"publish","type":"page","link":"https:\/\/www.parquedellago.com\/es\/bienvenidos-al-hotel-boutique-parque-del-lago\/","title":{"rendered":"Bienvenidos al Hotel Boutique Parque del Lago"},"content":{"rendered":"\t\t<div data-elementor-type=\"wp-page\" data-elementor-id=\"5205\" class=\"elementor elementor-5205\">\n\t\t\t\t\t\t<div class=\"elementor-inner\">\n\t\t\t\t<div class=\"elementor-section-wrap\">\n\t\t\t\t\t\t\t\t\t<section class=\"elementor-section elementor-top-section elementor-element elementor-element-1263c7c elementor-section-stretched elementor-section-full_width elementor-section-height-default elementor-section-height-default elementor-invisible\" data-id=\"1263c7c\" data-element_type=\"section\" data-settings=\"{&quot;stretch_section&quot;:&quot;section-stretched&quot;,&quot;animation&quot;:&quot;slideInDown&quot;}\">\n\t\t\t\t\t\t<div class=\"elementor-container elementor-column-gap-no\">\n\t\t\t\t\t\t\t<div class=\"elementor-row\">\n\t\t\t\t\t<div class=\"elementor-column elementor-col-100 elementor-top-column elementor-element elementor-element-1a84cba\" data-id=\"1a84cba\" data-element_type=\"column\">\n\t\t\t<div class=\"elementor-column-wrap elementor-element-populated\">\n\t\t\t\t\t\t\t<div class=\"elementor-widget-wrap\">\n\t\t\t\t\t\t<div class=\"elementor-element elementor-element-3d19e66 elementor--h-position-center elementor--v-position-middle elementor-arrows-position-inside elementor-pagination-position-inside elementor-widget elementor-widget-slides\" data-id=\"3d19e66\" data-element_type=\"widget\" data-settings=\"{&quot;navigation&quot;:&quot;both&quot;,&quot;autoplay&quot;:&quot;yes&quot;,&quot;pause_on_hover&quot;:&quot;yes&quot;,&quot;pause_on_interaction&quot;:&quot;yes&quot;,&quot;autoplay_speed&quot;:5000,&quot;infinite&quot;:&quot;yes&quot;,&quot;transition&quot;:&quot;slide&quot;,&quot;transition_speed&quot;:500}\" data-widget_type=\"slides.default\">\n\t\t\t\t<div class=\"elementor-widget-container\">\n\t\t\t\t\t<div class=\"elementor-swiper\">\n\t\t\t<div class=\"elementor-slides-wrapper elementor-main-swiper swiper-container\" dir=\"ltr\" data-animation=\"fadeInDown\">\n\t\t\t\t<div class=\"swiper-wrapper elementor-slides\">\n\t\t\t\t\t\t\t\t\t\t<div class=\"elementor-repeater-item-7a49c2a swiper-slide\"><div class=\"swiper-slide-bg elementor-ken-burns elementor-ken-burns--in\"><\/div><div class=\"swiper-slide-inner\" ><div class=\"swiper-slide-contents\"><div class=\"elementor-slide-heading\">Bienvenidos al Hotel Boutique Parque del Lago<\/div><\/div><\/div><\/div>\t\t\t\t<\/div>\n\t\t\t\t\t\t\t<\/div>\n\t\t<\/div>\n\t\t\t\t<\/div>\n\t\t\t\t<\/div>\n\t\t\t\t\t\t<\/div>\n\t\t\t\t\t<\/div>\n\t\t<\/div>\n\t\t\t\t\t\t\t\t<\/div>\n\t\t\t\t\t<\/div>\n\t\t<\/section>\n\t\t\t\t<section class=\"elementor-section elementor-top-section elementor-element elementor-element-4e1d28bf elementor-section-boxed elementor-section-height-default elementor-section-height-default\" data-id=\"4e1d28bf\" data-element_type=\"section\">\n\t\t\t\t\t\t<div class=\"elementor-container elementor-column-gap-default\">\n\t\t\t\t\t\t\t<div class=\"elementor-row\">\n\t\t\t\t\t<div class=\"elementor-column elementor-col-100 elementor-top-column elementor-element elementor-element-1a318767\" data-id=\"1a318767\" data-element_type=\"column\">\n\t\t\t<div class=\"elementor-column-wrap elementor-element-populated\">\n\t\t\t\t\t\t\t<div class=\"elementor-widget-wrap\">\n\t\t\t\t\t\t<div class=\"elementor-element elementor-element-651667 elementor-widget elementor-widget-text-editor\" data-id=\"651667\" data-element_type=\"widget\" data-widget_type=\"text-editor.default\">\n\t\t\t\t<div class=\"elementor-widget-container\">\n\t\t\t\t\t\t\t\t<div class=\"elementor-text-editor elementor-clearfix\">\n\t\t\t\t<p><b>Estimado(a) Hu\u00e9sped<\/b><\/p>\n<p>En nombre de todo el equipo de <b>Parque del Lago Boutique Hotel,<\/b> le extendemos nuestra m\u00e1s cordial bienvenida.<\/p>\n<p>Nos complace tenerle como hu\u00e9sped y deseamos que su estancia sea c\u00f3moda, memorable y placentera.<\/p>\n<p>A continuaci\u00f3n, ponemos a su disposici\u00f3n informaci\u00f3n sobre nuestros servicios:<\/p>\n\n<p><strong>RECEPCION<\/strong><\/p>\n<ul>\n  <li><b>Atenci\u00f3n al hu\u00e9sped las 24 horas:<\/b> Extensi\u00f3n 2000.<\/li>\n  <li><b>WiFi en habitaciones:<\/b>\n    <ul>\n      <li>Red: <b>Parque del Lago Guest<\/b><\/li>\n      <li>Contrase\u00f1a: <b>Boutique2024*<\/b><\/li>\n    <\/ul>\n  <\/li>\n  <li><b>WiFi en el lobby:<\/b>\n    <ul>\n      <li>Red:<b> Eventos y Lobby<\/b><\/li>\n      <li>Contrase\u00f1a: <b>Iconos2024*<\/b><\/li>\n    <\/ul>\n  <\/li>\n  <li><b>A considerar:<\/b>\n    <ul>\n      <li>En caso de extraviar la llave de su habitaci\u00f3n, tendr\u00e1 un cargo de $5.00.<\/li>\n      <li>La secadora es exclusiva para el cabello, PROHIBIDO usarla para secar ropa o calzado.<\/li>\n      <li>No poner ropa h\u00fameda o mojada sobre el aire acondicionado.<\/li>\n    <\/ul>\n  <\/li>\n<\/ul>\n\n<p><strong>SERVICIO DE ALIMENTOS Y BEBIDAS<\/strong><\/p>\n<ul>\n  <li><b>Desayuno complementario:<\/b> Se sirve en el restaurante <b>ICONOS<\/b> de 6:00 a.m. a 10:00 a.m.<\/li>\n  <li><b>Desayuno a la habitaci\u00f3n:<\/b> Disponible a la carta (con costo adicional).<\/li>\n  <li><b>Restaurante ICONOS:<\/b> Abierto de 6:00 a.m. a 10:00 p.m.<\/li>\n  <li><b>Buffet ejecutivo:<\/b> lunes a viernes, de 12:00 m.d. a 2:00 p.m.<\/li>\n  <li><b>Room Service:<\/b> Disponible de 6:00 a.m. a 10:00 p.m., extensi\u00f3n 2005.<\/li>\n<\/ul>\n\n<p><strong>SERVICIOS ADICIONALES<\/strong><\/p>\n<ul>\n  <li><b>Gimnasio:<\/b> Disponible las 24 horas.<\/li>\n  <li><b>Lavander\u00eda:<\/b> Servicio de lunes a s\u00e1bado; debe ser entregada antes de las 9:00 a.m. en la recepci\u00f3n o directamente con la camarera, con el formulario debidamente completado y firmado.<\/li>\n  <li><b>Parqueo gratuito:<\/b> Punto de carga para veh\u00edculos el\u00e9ctricos.<\/li>\n  <li><b>The Market:<\/b> Tienda de conveniencia abierta las 24 horas.<\/li>\n<\/ul>\n\n<p><strong>SERVICIOS DE LIMPIEZA<\/strong><\/p>\n<ul>\n  <li><b>Habitaciones:<\/b> Su habitaci\u00f3n ha sido entregada en \u00f3ptimas condiciones de higiene y sanitizaci\u00f3n para su tranquilidad.<\/li>\n  <li><b>Servicio de limpieza diario:<\/b> Si no requiere el servicio, coloque el r\u00f3tulo de \u201cNo Molestar\u201d en la puerta.<\/li>\n  <li><b>Pol\u00edtica de no fumar:<\/b> Nuestro hotel es libre de humo. Recuerde que el incumplimiento de esta norma implica una penalidad de $100.<\/li>\n  <li><b>Por favor tomar en cuenta que no se puede tirar papel higi\u00e9nico ni toallas femeninas dentro del servicio sanitario.<\/b><\/li>\n<\/ul>\n\n<p>Esperamos que disfrute de su estad\u00eda con nosotros. Si necesita asistencia adicional, no dude en contactarnos a trav\u00e9s de la recepci\u00f3n o llamando a la extensi\u00f3n 2000.<\/p>\t\t\t\t\t<\/div>\n\t\t\t\t\t\t<\/div>\n\t\t\t\t<\/div>\n\t\t\t\t\t\t<\/div>\n\t\t\t\t\t<\/div>\n\t\t<\/div>\n\t\t\t\t\t\t\t\t<\/div>\n\t\t\t\t\t<\/div>\n\t\t<\/section>\n\t\t\t\t\t\t\t\t\t<\/div>\n\t\t\t<\/div>\n\t\t\t\t\t<\/div>\n\t\t","protected":false},"excerpt":{"rendered":"<p>Bienvenidos al Hotel Boutique Parque del Lago Estimado(a) Hu\u00e9sped En nombre de todo el equipo de Parque del Lago Boutique Hotel, le extendemos nuestra m\u00e1s cordial bienvenida. Nos complace tenerle como hu\u00e9sped y deseamos que su estancia sea c\u00f3moda, memorable y placentera. A continuaci\u00f3n, ponemos a su disposici\u00f3n informaci\u00f3n sobre nuestros servicios: RECEPCION Atenci\u00f3n al [&hellip;]<\/p>\n","protected":false},"author":1,"featured_media":0,"parent":0,"menu_order":0,"comment_status":"closed","ping_status":"closed","template":"","meta":{"footnotes":"","_joinchat":[]},"_links":{"self":[{"href":"https:\/\/www.parquedellago.com\/es\/wp-json\/wp\/v2\/pages\/5205"}],"collection":[{"href":"https:\/\/www.parquedellago.com\/es\/wp-json\/wp\/v2\/pages"}],"about":[{"href":"https:\/\/www.parquedellago.com\/es\/wp-json\/wp\/v2\/types\/page"}],"author":[{"embeddable":true,"href":"https:\/\/www.parquedellago.com\/es\/wp-json\/wp\/v2\/users\/1"}],"replies":[{"embeddable":true,"href":"https:\/\/www.parquedellago.com\/es\/wp-json\/wp\/v2\/comments?post=5205"}],"version-history":[{"count":10,"href":"https:\/\/www.parquedellago.com\/es\/wp-json\/wp\/v2\/pages\/5205\/revisions"}],"predecessor-version":[{"id":5215,"href":"https:\/\/www.parquedellago.com\/es\/wp-json\/wp\/v2\/pages\/5205\/revisions\/5215"}],"wp:attachment":[{"href":"https:\/\/www.parquedellago.com\/es\/wp-json\/wp\/v2\/media?parent=5205"}],"curies":[{"name":"wp","href":"https:\/\/api.w.org\/{rel}","templated":true}]}}